{"id":845,"date":"2021-12-03T13:53:34","date_gmt":"2021-12-03T12:53:34","guid":{"rendered":"https:\/\/residence-petitbois.fr\/?page_id=845"},"modified":"2024-10-02T10:15:12","modified_gmt":"2024-10-02T08:15:12","slug":"reservez","status":"publish","type":"page","link":"https:\/\/residence-petitbois.fr\/en\/reservez\/","title":{"rendered":"R\u00e9servez"},"content":{"rendered":"<div data-elementor-type=\"wp-page\" data-elementor-id=\"845\" class=\"elementor elementor-845\">\n\t\t\t\t\t\t<div class=\"elementor-inner\">\n\t\t\t\t<div class=\"elementor-section-wrap\">\n\t\t\t\t\t\t\t\t\t<section class=\"elementor-section elementor-top-section elementor-element elementor-element-7266828 elementor-section-height-min-height elementor-section-boxed elementor-section-height-default elementor-section-items-middle exad-glass-effect-no exad-sticky-section-no\" data-id=\"7266828\" data-element_type=\"section\" data-settings=\"{&quot;background_background&quot;:&quot;classic&quot;,&quot;background_motion_fx_motion_fx_scrolling&quot;:&quot;yes&quot;,&quot;background_motion_fx_translateY_effect&quot;:&quot;yes&quot;,&quot;background_motion_fx_translateY_speed&quot;:{&quot;unit&quot;:&quot;px&quot;,&quot;size&quot;:4,&quot;sizes&quot;:[]},&quot;background_motion_fx_translateY_affectedRange&quot;:{&quot;unit&quot;:&quot;%&quot;,&quot;size&quot;:&quot;&quot;,&quot;sizes&quot;:{&quot;start&quot;:0,&quot;end&quot;:100}},&quot;background_motion_fx_devices&quot;:[&quot;desktop&quot;,&quot;tablet&quot;,&quot;mobile&quot;]}\">\n\t\t\t\t\t\t<div class=\"elementor-container elementor-column-gap-default\">\n\t\t\t\t\t\t\t<div class=\"elementor-row\">\n\t\t\t\t\t<div class=\"elementor-column elementor-col-100 elementor-top-column elementor-element elementor-element-5e39b92 exad-glass-effect-no exad-sticky-section-no\" data-id=\"5e39b92\" data-element_type=\"column\">\n\t\t\t<div class=\"elementor-column-wrap\">\n\t\t\t\t\t\t\t<div class=\"elementor-widget-wrap\">\n\t\t\t\t\t\t\t\t<\/div>\n\t\t\t\t\t<\/div>\n\t\t<\/div>\n\t\t\t\t\t\t\t\t<\/div>\n\t\t\t\t\t<\/div>\n\t\t<\/section>\n\t\t\t\t<section class=\"elementor-section elementor-top-section elementor-element elementor-element-6c0bf7e elementor-section-boxed elementor-section-height-default elementor-section-height-default exad-glass-effect-no exad-sticky-section-no\" data-id=\"6c0bf7e\" data-element_type=\"section\" data-settings=\"{&quot;background_background&quot;:&quot;classic&quot;}\">\n\t\t\t\t\t\t\t<div class=\"elementor-background-overlay\"><\/div>\n\t\t\t\t\t\t\t<div class=\"elementor-container elementor-column-gap-default\">\n\t\t\t\t\t\t\t<div class=\"elementor-row\">\n\t\t\t\t\t<div class=\"elementor-column elementor-col-100 elementor-top-column elementor-element elementor-element-a996ce3 exad-glass-effect-no exad-sticky-section-no\" data-id=\"a996ce3\" data-element_type=\"column\">\n\t\t\t<div class=\"elementor-column-wrap elementor-element-populated\">\n\t\t\t\t\t\t\t<div class=\"elementor-widget-wrap\">\n\t\t\t\t\t\t<div class=\"elementor-element elementor-element-1659ec6 exad-sticky-section-no exad-glass-effect-no elementor-widget elementor-widget-heading\" data-id=\"1659ec6\" data-element_type=\"widget\" data-widget_type=\"heading.default\">\n\t\t\t\t<div class=\"elementor-widget-container\">\n\t\t\t<h2 class=\"elementor-heading-title elementor-size-default\">Booking<\/h2>\t\t<\/div>\n\t\t\t\t<\/div>\n\t\t\t\t<div class=\"elementor-element elementor-element-399b3bd elementor-widget-divider--view-line_text elementor-widget-divider--element-align-center exad-sticky-section-no exad-glass-effect-no elementor-widget elementor-widget-divider\" data-id=\"399b3bd\" data-element_type=\"widget\" data-widget_type=\"divider.default\">\n\t\t\t\t<div class=\"elementor-widget-container\">\n\t\t\t\t\t<div class=\"elementor-divider\">\n\t\t\t<span class=\"elementor-divider-separator\">\n\t\t\t\t\t\t\t<span class=\"elementor-divider__text elementor-divider__element\">\n\t\t\t\t\u2605 \u2605 \u2605\t\t\t\t<\/span>\n\t\t\t\t\t\t<\/span>\n\t\t<\/div>\n\t\t\t\t<\/div>\n\t\t\t\t<\/div>\n\t\t\t\t\t\t<\/div>\n\t\t\t\t\t<\/div>\n\t\t<\/div>\n\t\t\t\t\t\t\t\t<\/div>\n\t\t\t\t\t<\/div>\n\t\t<\/section>\n\t\t\t\t<section class=\"elementor-section elementor-top-section elementor-element elementor-element-2c82a22 elementor-section-boxed elementor-section-height-default elementor-section-height-default exad-glass-effect-no exad-sticky-section-no\" data-id=\"2c82a22\" data-element_type=\"section\" data-settings=\"{&quot;background_background&quot;:&quot;classic&quot;}\">\n\t\t\t\t\t\t\t<div class=\"elementor-background-overlay\"><\/div>\n\t\t\t\t\t\t\t<div class=\"elementor-container elementor-column-gap-default\">\n\t\t\t\t\t\t\t<div class=\"elementor-row\">\n\t\t\t\t\t<div class=\"elementor-column elementor-col-50 elementor-top-column elementor-element elementor-element-c9a325c exad-glass-effect-no exad-sticky-section-no\" data-id=\"c9a325c\" data-element_type=\"column\">\n\t\t\t<div class=\"elementor-column-wrap elementor-element-populated\">\n\t\t\t\t\t\t\t<div class=\"elementor-widget-wrap\">\n\t\t\t\t\t\t<div class=\"elementor-element elementor-element-11eabb2 exad-sticky-section-no exad-glass-effect-no elementor-widget elementor-widget-text-editor\" data-id=\"11eabb2\" data-element_type=\"widget\" data-widget_type=\"text-editor.default\">\n\t\t\t\t<div class=\"elementor-widget-container\">\n\t\t\t\t\t\t\t\t<div class=\"elementor-text-editor elementor-clearfix\">\n\t\t\t\t<p style=\"text-align: center;\"><strong>Pour r\u00e9server une maison,<\/strong><strong>merci de nous contacter exclusivement par t\u00e9l\u00e9phone.\n<\/strong><\/p>\n<p style=\"text-align: center;\"><strong>Nous sommes joignables <b>du lundi au dimanche 24 h sur 24 ou presque<\/b> :<br>\n<\/strong><strong><a style=\"color: #616165;\" href=\"tel:0649640139\">06 49 64 01 39\n<\/a><br>ou <a style=\"color: #616165;\" href=\"tel:0611487701\">06 11 48 77 01<\/a><\/strong><\/p>\n<p style=\"text-align: center;\"><strong>ou par mail :<br>\n<a href=\"javascript:DeCryptX('0c2q1o3w3d1d3w3C0r3h2u3l0d0e1o2e1f1.2r3h2v0i1u2d2q1j0s0.3f3r2o')\">contact@residence-petitbois.com<\/a><\/strong><\/p>\n<!--\n\n<p style=\"text-align: center;\"><script type=\"text\/javascript\" src=\"\/\/gadget.open-system.fr\/widgets-libs\/rel\/noyau-1.0.min.js\"><\/script>\n<script type=\"text\/javascript\">\n( function() {\n    var language = \"fr\"\n    if (window.location.href.indexOf(\"\/en\/\") > -1) {\n        language = \"uk\"\n    }\n\tvar widgetProduit = AllianceReseaux.Widget.Instance( \"Produit\", { idPanier:\"ggyAgoI\", idIntegration:1145, langue:language, ui:\"OSMB-35412\" } );\n\t\nwidgetProduit.Initialise();\n})();\n<\/script>\n<div id=\"widget-produit-OSMB-35412\" class=\"WidgetDirect\">\n<div class=\"OsProduit api oslangue-fr osw-widget CssCustom OSMB v1\">\n<div class=\"WidgetDirect\">\n<div class=\"OsProduit api oslangue-fr osw-widget CssCustom OsMoteurPageCible OSMB v1 MODE_AUTO_PETIT\">\n<div>\n<div class=\"OsMoteur CssCustom oslangue-fr\">\n<div class=\"OsMoteurAttente\" style=\"display: none;\"><\/div>\n<div class=\"OsMoteurHeader\"><\/div>\n<div class=\"OsMoteurBody\">\n<div class=\"OsMoteurCriterisation\">\n<div>\n<div class=\"OsMoteurCritBloc OsMoteurCritere_date\">\n<div class=\"OsMoteurCritereTitre\">Date d'arriv\u00e9e :<\/div>\n<div class=\"OsMoteurCritereContenu\"><input id=\"dp1674647167193\" class=\"OsMoteurCombo OsMoteurInputDate hasDatepicker\" type=\"texte\" placeholder=\"dd-mm-yyyy\" \/><\/div>\n<\/div>\n<div class=\"OsMoteurCritBloc OsMoteurCritere_duree\">\n<div class=\"OsMoteurCritereTitre\">Dur\u00e9e :<\/div>\n<div class=\"OsMoteurCritereContenu\">\n\n<span class=\"OsWrapSelect\"><select class=\"OsMoteurCombo OsDureeNuit\"><optgroup label=\"Semaines\">\n<option selected=\"selected\" value=\"7\">1 semaine<\/option>\n<option value=\"14\">2 semaines<\/option>\n<option value=\"21\">3 semaines<\/option>\n<option value=\"28\">4 semaines<\/option><\/optgroup><optgroup label=\"Nuit\u00e9es\">\n<option value=\"1\">1 nuit<\/option>\n<option value=\"2\">2 nuits<\/option>\n<option value=\"3\">3 nuits<\/option>\n<option value=\"4\">4 nuits<\/option>\n<option value=\"5\">5 nuits<\/option>\n<option value=\"6\">6 nuits<\/option>\n<option value=\"7\">7 nuits<\/option>\n<option value=\"8\">8 nuits<\/option>\n<option value=\"9\">9 nuits<\/option>\n<option value=\"10\">10 nuits<\/option>\n<option value=\"11\">11 nuits<\/option>\n<option value=\"12\">12 nuits<\/option>\n<option value=\"13\">13 nuits<\/option>\n<option value=\"14\">14 nuits<\/option>\n<option value=\"15\">15 nuits<\/option>\n<option value=\"16\">16 nuits<\/option>\n<option value=\"17\">17 nuits<\/option>\n<option value=\"18\">18 nuits<\/option>\n<option value=\"19\">19 nuits<\/option>\n<option value=\"20\">20 nuits<\/option>\n<option value=\"21\">21 nuits<\/option><\/optgroup>\n<\/select><\/span>\n\n<\/div>\n<\/div>\n<div class=\"Clear\"><\/div>\n<\/div>\n<\/div>\n<div class=\"OsMoteurBoutonRecherche\"><a class=\"OsMoteurBtnRecherche\">Rechercher<\/a><\/div>\n<div class=\"Clear\"><\/div>\n<\/div>\n<\/div>\n<\/div>\n<\/div>\n<div class=\"OsProduit api oslangue-fr osw-widget CssCustom OsMoteurPageCibleResultat OSMB v1\">\n<div><\/div>\n<\/div>\n<\/div>\n<\/div>\n<\/div>\n-->\t\t\t\t\t<\/div>\n\t\t\t\t\t\t<\/div>\n\t\t\t\t<\/div>\n\t\t\t\t\t\t<\/div>\n\t\t\t\t\t<\/div>\n\t\t<\/div>\n\t\t\t\t<div class=\"elementor-column elementor-col-50 elementor-top-column elementor-element elementor-element-1ccfabf exad-glass-effect-no exad-sticky-section-no\" data-id=\"1ccfabf\" data-element_type=\"column\">\n\t\t\t<div class=\"elementor-column-wrap elementor-element-populated\">\n\t\t\t\t\t\t\t<div class=\"elementor-widget-wrap\">\n\t\t\t\t\t\t<div class=\"elementor-element elementor-element-aeaee9b exad-sticky-section-no exad-glass-effect-no elementor-widget elementor-widget-accordion\" data-id=\"aeaee9b\" data-element_type=\"widget\" data-widget_type=\"accordion.default\">\n\t\t\t\t<div class=\"elementor-widget-container\">\n\t\t\t\t\t<div class=\"elementor-accordion\" role=\"tablist\">\n\t\t\t\t\t\t\t<div class=\"elementor-accordion-item\">\n\t\t\t\t\t<div id=\"elementor-tab-title-1831\" class=\"elementor-tab-title\" data-tab=\"1\" role=\"tab\" aria-controls=\"elementor-tab-content-1831\" aria-expanded=\"false\">\n\t\t\t\t\t\t\t\t\t\t\t\t\t<span class=\"elementor-accordion-icon elementor-accordion-icon-left\" aria-hidden=\"true\">\n\t\t\t\t\t\t\t\t\t\t\t\t\t\t\t<span class=\"elementor-accordion-icon-closed\"><i class=\"fas fa-plus\"><\/i><\/span>\n\t\t\t\t\t\t\t\t<span class=\"elementor-accordion-icon-opened\"><i class=\"fas fa-minus\"><\/i><\/span>\n\t\t\t\t\t\t\t\t\t\t\t\t\t\t<\/span>\n\t\t\t\t\t\t\t\t\t\t\t\t<a class=\"elementor-accordion-title\" href=\"\">EACH HOUSE OFFERS :<\/a>\n\t\t\t\t\t<\/div>\n\t\t\t\t\t<div id=\"elementor-tab-content-1831\" class=\"elementor-tab-content elementor-clearfix\" data-tab=\"1\" role=\"tabpanel\" aria-labelledby=\"elementor-tab-title-1831\"><ul><li>1 living room with a sofa bed<\/li><li>1 bedroom with a double bed<\/li><li>1 bedroom with 2 single beds<\/li><li>1 living room opening onto a private courtyard<\/li><li>1 private courtyard (garden furniture, barbecue, deckchairs)<\/li><li>1 kitchen corner fully equipped (refrigerator, freezer, dishwasher, oven, microwave)<\/li><li>TV<\/li><\/ul><\/div>\n\t\t\t\t<\/div>\n\t\t\t\t\t\t\t<div class=\"elementor-accordion-item\">\n\t\t\t\t\t<div id=\"elementor-tab-title-1832\" class=\"elementor-tab-title\" data-tab=\"2\" role=\"tab\" aria-controls=\"elementor-tab-content-1832\" aria-expanded=\"false\">\n\t\t\t\t\t\t\t\t\t\t\t\t\t<span class=\"elementor-accordion-icon elementor-accordion-icon-left\" aria-hidden=\"true\">\n\t\t\t\t\t\t\t\t\t\t\t\t\t\t\t<span class=\"elementor-accordion-icon-closed\"><i class=\"fas fa-plus\"><\/i><\/span>\n\t\t\t\t\t\t\t\t<span class=\"elementor-accordion-icon-opened\"><i class=\"fas fa-minus\"><\/i><\/span>\n\t\t\t\t\t\t\t\t\t\t\t\t\t\t<\/span>\n\t\t\t\t\t\t\t\t\t\t\t\t<a class=\"elementor-accordion-title\" href=\"\">INCLUDES PRICE :<\/a>\n\t\t\t\t\t<\/div>\n\t\t\t\t\t<div id=\"elementor-tab-content-1832\" class=\"elementor-tab-content elementor-clearfix\" data-tab=\"2\" role=\"tabpanel\" aria-labelledby=\"elementor-tab-title-1832\"><ul><li>Bedsheets<\/li><li>Free Wifi<\/li><li>Baby kit according to availability<\/li><li>Private car-park<\/li><\/ul><\/div>\n\t\t\t\t<\/div>\n\t\t\t\t\t\t\t<div class=\"elementor-accordion-item\">\n\t\t\t\t\t<div id=\"elementor-tab-title-1833\" class=\"elementor-tab-title\" data-tab=\"3\" role=\"tab\" aria-controls=\"elementor-tab-content-1833\" aria-expanded=\"false\">\n\t\t\t\t\t\t\t\t\t\t\t\t\t<span class=\"elementor-accordion-icon elementor-accordion-icon-left\" aria-hidden=\"true\">\n\t\t\t\t\t\t\t\t\t\t\t\t\t\t\t<span class=\"elementor-accordion-icon-closed\"><i class=\"fas fa-plus\"><\/i><\/span>\n\t\t\t\t\t\t\t\t<span class=\"elementor-accordion-icon-opened\"><i class=\"fas fa-minus\"><\/i><\/span>\n\t\t\t\t\t\t\t\t\t\t\t\t\t\t<\/span>\n\t\t\t\t\t\t\t\t\t\t\t\t<a class=\"elementor-accordion-title\" href=\"\">BOOKABLE EXTRAS :<\/a>\n\t\t\t\t\t<\/div>\n\t\t\t\t\t<div id=\"elementor-tab-content-1833\" class=\"elementor-tab-content elementor-clearfix\" data-tab=\"3\" role=\"tabpanel\" aria-labelledby=\"elementor-tab-title-1833\"><ul>\n<li>Cleaning on demand<\/li>\n<li>Kit serviette \u00e0 8 euros<\/li>\n<\/ul><\/div>\n\t\t\t\t<\/div>\n\t\t\t\t\t\t\t\t<\/div>\n\t\t\t\t<\/div>\n\t\t\t\t<\/div>\n\t\t\t\t\t\t<\/div>\n\t\t\t\t\t<\/div>\n\t\t<\/div>\n\t\t\t\t\t\t\t\t<\/div>\n\t\t\t\t\t<\/div>\n\t\t<\/section>\n\t\t\t\t\t\t\t\t\t<\/div>\n\t\t\t<\/div>\n\t\t\t\t\t<\/div>","protected":false},"excerpt":{"rendered":"<p>R\u00e9servation \u2605 \u2605 \u2605 Pour r\u00e9server une maison,merci de nous contacter exclusivement par t\u00e9l\u00e9phone. Nous sommes joignables du lundi au dimanche 24 h sur 24 ou presque : 06 49 64 01 39 ou 06 11 48 77 01 ou par mail : <a href=\"javascript:DeCryptX('2e2q2p0t3d1d2v1A2t2g1t0i0d2g0n1d1f2\/1q0e1u3l2v1c2q1j3v203f3r1n')\">contact@residence-petitbois.com<\/a> CHAQUE MAISON COMPREND : 1 salon avec un canap\u00e9 lit 1 &hellip;<\/p>\n<p class=\"read-more\"> <a class=\"\" href=\"https:\/\/residence-petitbois.fr\/en\/reservez\/\"> <span class=\"screen-reader-text\">R\u00e9servez<\/span> Read More &raquo;<\/a><\/p>","protected":false},"author":1,"featured_media":0,"parent":0,"menu_order":0,"comment_status":"closed","ping_status":"closed","template":"elementor_header_footer","meta":{"site-sidebar-layout":"default","site-content-layout":"default","ast-main-header-display":"","ast-hfb-above-header-display":"","ast-hfb-below-header-display":"","ast-hfb-mobile-header-display":"","site-post-title":"","ast-breadcrumbs-content":"","ast-featured-img":"","footer-sml-layout":"","theme-transparent-header-meta":"","adv-header-id-meta":"","stick-header-meta":"","header-above-stick-meta":"","header-main-stick-meta":"","header-below-stick-meta":""},"_links":{"self":[{"href":"https:\/\/residence-petitbois.fr\/en\/wp-json\/wp\/v2\/pages\/845"}],"collection":[{"href":"https:\/\/residence-petitbois.fr\/en\/wp-json\/wp\/v2\/pages"}],"about":[{"href":"https:\/\/residence-petitbois.fr\/en\/wp-json\/wp\/v2\/types\/page"}],"author":[{"embeddable":true,"href":"https:\/\/residence-petitbois.fr\/en\/wp-json\/wp\/v2\/users\/1"}],"replies":[{"embeddable":true,"href":"https:\/\/residence-petitbois.fr\/en\/wp-json\/wp\/v2\/comments?post=845"}],"version-history":[{"count":315,"href":"https:\/\/residence-petitbois.fr\/en\/wp-json\/wp\/v2\/pages\/845\/revisions"}],"predecessor-version":[{"id":2579,"href":"https:\/\/residence-petitbois.fr\/en\/wp-json\/wp\/v2\/pages\/845\/revisions\/2579"}],"wp:attachment":[{"href":"https:\/\/residence-petitbois.fr\/en\/wp-json\/wp\/v2\/media?parent=845"}],"curies":[{"name":"wp","href":"https:\/\/api.w.org\/{rel}","templated":true}]}}