{"id":1629,"date":"2021-12-14T19:49:04","date_gmt":"2021-12-14T18:49:04","guid":{"rendered":"https:\/\/residence-petitbois.fr\/?page_id=1629"},"modified":"2024-10-02T10:13:29","modified_gmt":"2024-10-02T08:13:29","slug":"environnement","status":"publish","type":"page","link":"https:\/\/residence-petitbois.fr\/en\/environnement\/","title":{"rendered":"Environnement"},"content":{"rendered":"<div data-elementor-type=\"wp-page\" data-elementor-id=\"1629\" class=\"elementor elementor-1629\">\n\t\t\t\t\t\t<div class=\"elementor-inner\">\n\t\t\t\t<div class=\"elementor-section-wrap\">\n\t\t\t\t\t\t\t\t\t<section class=\"elementor-section elementor-top-section elementor-element elementor-element-5164349 elementor-section-boxed elementor-section-height-default elementor-section-height-default exad-glass-effect-no exad-sticky-section-no\" data-id=\"5164349\" data-element_type=\"section\" data-settings=\"{&quot;background_background&quot;:&quot;classic&quot;}\">\n\t\t\t\t\t\t\t<div class=\"elementor-background-overlay\"><\/div>\n\t\t\t\t\t\t\t<div class=\"elementor-container elementor-column-gap-default\">\n\t\t\t\t\t\t\t<div class=\"elementor-row\">\n\t\t\t\t\t<div class=\"elementor-column elementor-col-100 elementor-top-column elementor-element elementor-element-f5d2e0a exad-glass-effect-no exad-sticky-section-no\" data-id=\"f5d2e0a\" data-element_type=\"column\">\n\t\t\t<div class=\"elementor-column-wrap elementor-element-populated\">\n\t\t\t\t\t\t\t<div class=\"elementor-widget-wrap\">\n\t\t\t\t\t\t<div class=\"elementor-element elementor-element-86c7744 exad-sticky-section-no exad-glass-effect-no elementor-widget elementor-widget-heading\" data-id=\"86c7744\" data-element_type=\"widget\" data-widget_type=\"heading.default\">\n\t\t\t\t<div class=\"elementor-widget-container\">\n\t\t\t<h2 class=\"elementor-heading-title elementor-size-default\">Environmental policy<\/h2>\t\t<\/div>\n\t\t\t\t<\/div>\n\t\t\t\t<div class=\"elementor-element elementor-element-e430352 elementor-widget-divider--view-line_text elementor-widget-divider--element-align-center exad-sticky-section-no exad-glass-effect-no elementor-widget elementor-widget-divider\" data-id=\"e430352\" data-element_type=\"widget\" data-widget_type=\"divider.default\">\n\t\t\t\t<div class=\"elementor-widget-container\">\n\t\t\t\t\t<div class=\"elementor-divider\">\n\t\t\t<span class=\"elementor-divider-separator\">\n\t\t\t\t\t\t\t<span class=\"elementor-divider__text elementor-divider__element\">\n\t\t\t\t\u2605 \u2605 \u2605\t\t\t\t<\/span>\n\t\t\t\t\t\t<\/span>\n\t\t<\/div>\n\t\t\t\t<\/div>\n\t\t\t\t<\/div>\n\t\t\t\t<section class=\"elementor-section elementor-inner-section elementor-element elementor-element-1d7516f elementor-section-boxed elementor-section-height-default elementor-section-height-default exad-glass-effect-no exad-sticky-section-no\" data-id=\"1d7516f\" data-element_type=\"section\">\n\t\t\t\t\t\t<div class=\"elementor-container elementor-column-gap-custom\">\n\t\t\t\t\t\t\t<div class=\"elementor-row\">\n\t\t\t\t\t<div class=\"elementor-column elementor-col-100 elementor-inner-column elementor-element elementor-element-e69e5e3 exad-glass-effect-no exad-sticky-section-no\" data-id=\"e69e5e3\" data-element_type=\"column\" data-settings=\"{&quot;background_background&quot;:&quot;classic&quot;}\">\n\t\t\t<div class=\"elementor-column-wrap elementor-element-populated\">\n\t\t\t\t\t\t\t<div class=\"elementor-widget-wrap\">\n\t\t\t\t\t\t<div class=\"elementor-element elementor-element-bb917b3 exad-sticky-section-no exad-glass-effect-no elementor-widget elementor-widget-text-editor\" data-id=\"bb917b3\" data-element_type=\"widget\" data-widget_type=\"text-editor.default\">\n\t\t\t\t<div class=\"elementor-widget-container\">\n\t\t\t\t\t\t\t\t<div class=\"elementor-text-editor elementor-clearfix\">\n\t\t\t\t<p>The Residence Le Petit Bois is part of the Corporate Social Responsibility (CSR) and the contribution of companies to sustainable development.&nbsp;<\/p>\n<p>Nous avons entrepris des d\u00e9marches et actions afin de r\u00e9duire les impacts n\u00e9gatifs et augmenter les impacts positifs pour am\u00e9liorer les performances environnementales, sociales et \u00e9conomiques, \u00e0 court, moyen et long terme.<\/p>\n<p>Nos actions se situent pour l\u2019instant essentiellement \u00e0 propos des produits utilis\u00e9s pour l\u2019entretien du traitement de l\u2019eau de la piscine, du jardin, de toutes les plantes, du linge mis \u00e0 disposition dans chaque maison et de l\u2019entretien des maisons.<\/p>\n<p>In addition, we have undertaken actions concerning :<\/p>\n<ul>\n<li>La mise en place de nouveaux fournisseurs d&rsquo;\u00e9nergies renouvelables.<\/li>\n<li>Faire des demandes pour la mise en place de bornes de chargement \u00e9lectriques sur notre parking.<\/li>\n<li>Collaborer avec les entreprises et administrations locales afin d\u2019\u00e9tablir un plan de r\u00e9duction des d\u00e9chets.<\/li>\n<li>Mettre en place de nouvelles mesures pour les plans de recyclage.<\/li>\n<li>Implement plans to achieve zero paper consumption.<\/li>\n<li>Former chaque nouveau collaborateurs \u00e0 la RSE.&nbsp;<\/li>\n<li>Pr\u00e9voir la transition pour les voitures \u00e9lectriques.&nbsp;<\/li>\n<li>Donner nos \u00e9quipements, meubles.<\/li>\n<li>Opter pour des smartphones reconditionn\u00e9s.&nbsp;<\/li>\n<li>Mettre en place des composts.&nbsp;<\/li>\n<\/ul>\t\t\t\t\t<\/div>\n\t\t\t\t\t\t<\/div>\n\t\t\t\t<\/div>\n\t\t\t\t\t\t<\/div>\n\t\t\t\t\t<\/div>\n\t\t<\/div>\n\t\t\t\t\t\t\t\t<\/div>\n\t\t\t\t\t<\/div>\n\t\t<\/section>\n\t\t\t\t\t\t<\/div>\n\t\t\t\t\t<\/div>\n\t\t<\/div>\n\t\t\t\t\t\t\t\t<\/div>\n\t\t\t\t\t<\/div>\n\t\t<\/section>\n\t\t\t\t\t\t\t\t\t<\/div>\n\t\t\t<\/div>\n\t\t\t\t\t<\/div>","protected":false},"excerpt":{"rendered":"<p>Politique environnementale \u2605 \u2605 \u2605 La R\u00e9sidence Le Petit Bois s\u2019inscrit \u00e0 son petit niveau dans le cadre de La Responsabilit\u00e9 Soci\u00e9tale des Entreprises (RSE) et la contribution des entreprises au D\u00e9veloppement Durable.&nbsp; Nous avons entrepris des d\u00e9marches et actions afin de r\u00e9duire les impacts n\u00e9gatifs et augmenter les impacts positifs pour am\u00e9liorer les performances &hellip;<\/p>\n<p class=\"read-more\"> <a class=\"\" href=\"https:\/\/residence-petitbois.fr\/en\/environnement\/\"> <span class=\"screen-reader-text\">Environnement<\/span> Read More &raquo;<\/a><\/p>","protected":false},"author":1,"featured_media":0,"parent":0,"menu_order":0,"comment_status":"closed","ping_status":"closed","template":"elementor_header_footer","meta":{"site-sidebar-layout":"default","site-content-layout":"default","ast-main-header-display":"","ast-hfb-above-header-display":"","ast-hfb-below-header-display":"","ast-hfb-mobile-header-display":"","site-post-title":"","ast-breadcrumbs-content":"","ast-featured-img":"","footer-sml-layout":"","theme-transparent-header-meta":"","adv-header-id-meta":"","stick-header-meta":"","header-above-stick-meta":"","header-main-stick-meta":"","header-below-stick-meta":""},"_links":{"self":[{"href":"https:\/\/residence-petitbois.fr\/en\/wp-json\/wp\/v2\/pages\/1629"}],"collection":[{"href":"https:\/\/residence-petitbois.fr\/en\/wp-json\/wp\/v2\/pages"}],"about":[{"href":"https:\/\/residence-petitbois.fr\/en\/wp-json\/wp\/v2\/types\/page"}],"author":[{"embeddable":true,"href":"https:\/\/residence-petitbois.fr\/en\/wp-json\/wp\/v2\/users\/1"}],"replies":[{"embeddable":true,"href":"https:\/\/residence-petitbois.fr\/en\/wp-json\/wp\/v2\/comments?post=1629"}],"version-history":[{"count":38,"href":"https:\/\/residence-petitbois.fr\/en\/wp-json\/wp\/v2\/pages\/1629\/revisions"}],"predecessor-version":[{"id":2570,"href":"https:\/\/residence-petitbois.fr\/en\/wp-json\/wp\/v2\/pages\/1629\/revisions\/2570"}],"wp:attachment":[{"href":"https:\/\/residence-petitbois.fr\/en\/wp-json\/wp\/v2\/media?parent=1629"}],"curies":[{"name":"wp","href":"https:\/\/api.w.org\/{rel}","templated":true}]}}