{"id":1467,"date":"2021-12-07T12:47:26","date_gmt":"2021-12-07T11:47:26","guid":{"rendered":"https:\/\/residence-petitbois.fr\/?page_id=1467"},"modified":"2024-10-02T10:12:40","modified_gmt":"2024-10-02T08:12:40","slug":"conditions-generales-dutilisation","status":"publish","type":"page","link":"https:\/\/residence-petitbois.fr\/en\/conditions-generales-dutilisation\/","title":{"rendered":"Conditions g\u00e9n\u00e9rales d&rsquo;utilisation"},"content":{"rendered":"<div data-elementor-type=\"wp-page\" data-elementor-id=\"1467\" class=\"elementor elementor-1467\">\n\t\t\t\t\t\t<div class=\"elementor-inner\">\n\t\t\t\t<div class=\"elementor-section-wrap\">\n\t\t\t\t\t\t\t\t\t<section class=\"elementor-section elementor-top-section elementor-element elementor-element-8a4a664 elementor-section-boxed elementor-section-height-default elementor-section-height-default exad-glass-effect-no exad-sticky-section-no\" data-id=\"8a4a664\" data-element_type=\"section\" data-settings=\"{&quot;background_background&quot;:&quot;classic&quot;}\">\n\t\t\t\t\t\t\t<div class=\"elementor-background-overlay\"><\/div>\n\t\t\t\t\t\t\t<div class=\"elementor-container elementor-column-gap-default\">\n\t\t\t\t\t\t\t<div class=\"elementor-row\">\n\t\t\t\t\t<div class=\"elementor-column elementor-col-100 elementor-top-column elementor-element elementor-element-b4ff9d6 exad-glass-effect-no exad-sticky-section-no\" data-id=\"b4ff9d6\" data-element_type=\"column\">\n\t\t\t<div class=\"elementor-column-wrap elementor-element-populated\">\n\t\t\t\t\t\t\t<div class=\"elementor-widget-wrap\">\n\t\t\t\t\t\t<div class=\"elementor-element elementor-element-a47ad13 exad-sticky-section-no exad-glass-effect-no elementor-widget elementor-widget-heading\" data-id=\"a47ad13\" data-element_type=\"widget\" data-widget_type=\"heading.default\">\n\t\t\t\t<div class=\"elementor-widget-container\">\n\t\t\t<h2 class=\"elementor-heading-title elementor-size-default\">Terms and conditions of use<\/h2>\t\t<\/div>\n\t\t\t\t<\/div>\n\t\t\t\t<div class=\"elementor-element elementor-element-c0fd81a elementor-widget-divider--view-line_text elementor-widget-divider--element-align-center exad-sticky-section-no exad-glass-effect-no elementor-widget elementor-widget-divider\" data-id=\"c0fd81a\" data-element_type=\"widget\" data-widget_type=\"divider.default\">\n\t\t\t\t<div class=\"elementor-widget-container\">\n\t\t\t\t\t<div class=\"elementor-divider\">\n\t\t\t<span class=\"elementor-divider-separator\">\n\t\t\t\t\t\t\t<span class=\"elementor-divider__text elementor-divider__element\">\n\t\t\t\t\u2605 \u2605 \u2605\t\t\t\t<\/span>\n\t\t\t\t\t\t<\/span>\n\t\t<\/div>\n\t\t\t\t<\/div>\n\t\t\t\t<\/div>\n\t\t\t\t<div class=\"elementor-element elementor-element-ae305b9 exad-sticky-section-no exad-glass-effect-no elementor-widget elementor-widget-spacer\" data-id=\"ae305b9\" data-element_type=\"widget\" data-widget_type=\"spacer.default\">\n\t\t\t\t<div class=\"elementor-widget-container\">\n\t\t\t\t\t<div class=\"elementor-spacer\">\n\t\t\t<div class=\"elementor-spacer-inner\"><\/div>\n\t\t<\/div>\n\t\t\t\t<\/div>\n\t\t\t\t<\/div>\n\t\t\t\t<div class=\"elementor-element elementor-element-04f144d exad-sticky-section-no exad-glass-effect-no elementor-widget elementor-widget-text-editor\" data-id=\"04f144d\" data-element_type=\"widget\" data-widget_type=\"text-editor.default\">\n\t\t\t\t<div class=\"elementor-widget-container\">\n\t\t\t\t\t\t\t\t<div class=\"elementor-text-editor elementor-clearfix\">\n\t\t\t\t<p style=\"text-align: left;\"><strong>ARTICLE 1 : Object<\/strong><\/p>\n<p style=\"text-align: left;\">The present \"general conditions of use\" have for object the legal framing of the use of the site residence-petitbois.fr and its services.<\/p>\n<p style=\"text-align: left;\">This contract is between :<\/p>\n<p style=\"text-align: left;\">The operator of the website, hereinafter referred to as \"the Publisher\",<\/p>\n<p style=\"text-align: left;\">Any natural or legal person wishing to access the site and its services, hereinafter referred to as the \"User\".<\/p>\n<p style=\"text-align: left;\">The general terms and conditions of use must be accepted by any User, and access to the site constitutes acceptance of these conditions.<\/p>\n<p style=\"text-align: left;\"><strong>ARTICLE 2 : Legal notice<\/strong><\/p>\n<p style=\"text-align: left;\"><span style=\"color: var( --e-global-color-text ); font-family: var( --e-global-typography-text-font-family ), Sans-serif; font-weight: var( --e-global-typography-text-font-weight );\">Le site residence-petitbois.fr est \u00e9dit\u00e9 par La R\u00e9sidence Le Petit Bois, dont le si\u00e8ge social est situ\u00e9 au 25 rue du Mont Cenis 75018 Paris.<\/span><\/p>\n<p style=\"text-align: left;\">The company is represented by&nbsp;<span style=\"color: var( --e-global-color-text ); font-family: var( --e-global-typography-text-font-family ), Sans-serif; font-weight: var( --e-global-typography-text-font-weight ); text-align: center;\">Suchaud Aur\u00e9lien.<\/span><\/p>\n<p style=\"text-align: left;\"><strong>ARTICLE 3: access to services<\/strong><\/p>\n<p style=\"text-align: left;\">The User of the site residence-petitbois.fr has access to the following services:<\/p>\n<ul style=\"text-align: left;\">\n<li>Presentation of rental properties<\/li>\n<li>Request for information<\/li>\n<li>Online booking via our partner<\/li>\n<\/ul>\n<p style=\"text-align: left;\">Any User with access to the Internet may access the Site free of charge from anywhere. The costs incurred by the User to access the Site (internet connection, computer equipment, etc.) are not the responsibility of the Publisher.<\/p>\n<p style=\"text-align: left;\">The Site and its various services may be interrupted or suspended by the Publisher, in particular for maintenance purposes, without any obligation to give notice or justification.<\/p>\n<p style=\"text-align: left;\"><strong>ARTICLE 4 : Responsibility of the User<\/strong><\/p>\n<p style=\"text-align: left;\">The User assumes the whole responsibility for the use which it makes of information and contents present on the residence-petitbois.fr site.<\/p>\n<p style=\"text-align: left;\">Any use of the service by the User resulting directly or indirectly in damage shall be subject to compensation to the site.<\/p>\n<p style=\"text-align: left;\">By publishing on the site, the User gives the publishing company the non-exclusive and free right to represent, reproduce, adapt, modify, disseminate and distribute its publication, directly or through an authorized third party.<\/p>\n<p style=\"text-align: left;\">However, the Publisher undertakes to cite the User in the event of use of its publication<\/p>\n<p style=\"text-align: left;\"><strong>ARTICLE 5: Responsibility of the Publisher<\/strong><\/p>\n<p style=\"text-align: left;\">The Publisher cannot be held responsible for any malfunction of the server or the network.<\/p>\n<p style=\"text-align: left;\">Similarly, the responsibility of the site can not be engaged in case of force majeure or unforeseeable and insurmountable fact of a third party.<\/p>\n<p style=\"text-align: left;\">Le site residence-petitbois.fr s&rsquo;engage \u00e0 mettre en \u0153uvre tous les moyens n\u00e9cessaires pour garantir la s\u00e9curit\u00e9 et la confidentialit\u00e9 des donn\u00e9es. Toutefois, il n\u2019apporte pas une garantie de s\u00e9curit\u00e9 totale.<\/p>\n<p style=\"text-align: left;\">The Publisher reserves the right not to guarantee the reliability of the sources, although the information published on the site is deemed reliable.<\/p>\n<p style=\"text-align: left;\"><strong>ARTICLE 6 : Intellectual property<\/strong><\/p>\n<p style=\"text-align: left;\">The contents of the site residence-petitbois.fr (logos, texts, graphic elements, videos, etc.) are protected by the royalty, in accordance with the Code of the intellectual property.<\/p>\n<p style=\"text-align: left;\">The User will have to obtain the authorization of the editor of the site before any reproduction, copy or publication of these various contents.<\/p>\n<p style=\"text-align: left;\">These may be used by users for private purposes; any commercial use is prohibited.<\/p>\n<p style=\"text-align: left;\">The User is entirely responsible for any content he\/she puts online and undertakes not to harm any third party.<\/p>\n<p style=\"text-align: left;\">The Site Editor reserves the right to freely moderate or delete content posted by users at any time without justification.<\/p>\n<p style=\"text-align: left;\"><strong>ARTICLE 7 : Personal data<\/strong><\/p>\n<p style=\"text-align: left;\">The site residence-petitbois.fr guarantees the respect of the private life of the user, in accordance with the law n\u00b078-17 of January 6, 1978 relating to data processing, the files and freedoms.<\/p>\n<p style=\"text-align: left;\">The site is declared to the CNIL.<\/p>\n<p style=\"text-align: left;\">In accordance with articles 39 and 40 of the law dated January 6, 1978, the User has the right to access, rectify, delete and oppose his personal data. The User exercises this right via :<\/p>\n<ul style=\"text-align: left;\">\n<li>A contact form<\/li>\n<li>By mail to <span style=\"color: #000000;\"><a class=\"cgu-mail\" style=\"color: #000000;\" href=\"javascript:DeCryptX('2e1p0n0t1b3f1u1A2t1f2u0i2f1f2p1d1f1.3s3h0t2k2v0b1p1j3v202e3r0m')\">contact@residence-petitbois.com<\/a><\/span><\/li>\n<\/ul>\n<p style=\"text-align: left;\"><strong>ARTICLE 8 : Hypertext links<\/strong><\/p>\n<p style=\"text-align: left;\">The domains towards which the hypertext links present on the site lead do not engage the responsibility of the Editor of residence-petitbois.fr, who has no control over these links.<\/p>\n<p style=\"text-align: left;\">It is possible for a third party to create a link towards a page of the residence-petitbois.fr site without express authorization of the editor.<\/p>\n<p style=\"text-align: left;\"><strong>ARTICLE 9 : Evolution of the general conditions of use<\/strong><\/p>\n<p style=\"text-align: left;\">The site residence-petitbois.fr reserves the right to modify the clauses of these general conditions of use constantly and without justification.<\/p>\n<p style=\"text-align: left;\"><strong>ARTICLE 10 : Duration of the contract<\/strong><\/p>\n<p style=\"text-align: left;\">The duration of this contract is indefinite. The contract is effective for the User as of the beginning of the use of the service.<\/p>\n<p style=\"text-align: left;\"><strong>ARTICLE 11: Applicable law and jurisdiction<\/strong><\/p>\n<p style=\"text-align: left;\">This contract is governed by French law.<\/p>\n<p style=\"text-align: left;\">In the event of a dispute between the User and the Publisher that cannot be resolved amicably, the courts of Paris shall have jurisdiction to settle the dispute.<\/p>\t\t\t\t\t<\/div>\n\t\t\t\t\t\t<\/div>\n\t\t\t\t<\/div>\n\t\t\t\t<div class=\"elementor-element elementor-element-62839eb exad-sticky-section-no exad-glass-effect-no elementor-widget elementor-widget-template\" data-id=\"62839eb\" data-element_type=\"widget\" data-widget_type=\"template.default\">\n\t\t\t\t<div class=\"elementor-widget-container\">\n\t\t\t\t\t<div class=\"elementor-template\">\n\t\t\t\t\t<\/div>\n\t\t\t\t<\/div>\n\t\t\t\t<\/div>\n\t\t\t\t\t\t<\/div>\n\t\t\t\t\t<\/div>\n\t\t<\/div>\n\t\t\t\t\t\t\t\t<\/div>\n\t\t\t\t\t<\/div>\n\t\t<\/section>\n\t\t\t\t\t\t\t\t\t<\/div>\n\t\t\t<\/div>\n\t\t\t\t\t<\/div>","protected":false},"excerpt":{"rendered":"<p>Conditions g\u00e9n\u00e9rales d&rsquo;utilisation \u2605 \u2605 \u2605 ARTICLE 1 : Objet Les pr\u00e9sentes \u00ab conditions g\u00e9n\u00e9rales d&rsquo;utilisation \u00bb ont pour objet l&rsquo;encadrement juridique de l\u2019utilisation du site residence-petitbois.fr et de ses services. Ce contrat est conclu entre : Le g\u00e9rant du site internet, ci-apr\u00e8s d\u00e9sign\u00e9 \u00ab&nbsp;l\u2019\u00c9diteur&nbsp;\u00bb, Toute personne physique ou morale souhaitant acc\u00e9der au site et &hellip;<\/p>\n<p class=\"read-more\"> <a class=\"\" href=\"https:\/\/residence-petitbois.fr\/en\/conditions-generales-dutilisation\/\"> <span class=\"screen-reader-text\">Conditions g\u00e9n\u00e9rales d&rsquo;utilisation<\/span> Read More &raquo;<\/a><\/p>","protected":false},"author":1,"featured_media":0,"parent":0,"menu_order":0,"comment_status":"closed","ping_status":"closed","template":"elementor_header_footer","meta":{"site-sidebar-layout":"default","site-content-layout":"default","ast-main-header-display":"","ast-hfb-above-header-display":"","ast-hfb-below-header-display":"","ast-hfb-mobile-header-display":"","site-post-title":"","ast-breadcrumbs-content":"","ast-featured-img":"","footer-sml-layout":"","theme-transparent-header-meta":"","adv-header-id-meta":"","stick-header-meta":"","header-above-stick-meta":"","header-main-stick-meta":"","header-below-stick-meta":""},"_links":{"self":[{"href":"https:\/\/residence-petitbois.fr\/en\/wp-json\/wp\/v2\/pages\/1467"}],"collection":[{"href":"https:\/\/residence-petitbois.fr\/en\/wp-json\/wp\/v2\/pages"}],"about":[{"href":"https:\/\/residence-petitbois.fr\/en\/wp-json\/wp\/v2\/types\/page"}],"author":[{"embeddable":true,"href":"https:\/\/residence-petitbois.fr\/en\/wp-json\/wp\/v2\/users\/1"}],"replies":[{"embeddable":true,"href":"https:\/\/residence-petitbois.fr\/en\/wp-json\/wp\/v2\/comments?post=1467"}],"version-history":[{"count":44,"href":"https:\/\/residence-petitbois.fr\/en\/wp-json\/wp\/v2\/pages\/1467\/revisions"}],"predecessor-version":[{"id":2567,"href":"https:\/\/residence-petitbois.fr\/en\/wp-json\/wp\/v2\/pages\/1467\/revisions\/2567"}],"wp:attachment":[{"href":"https:\/\/residence-petitbois.fr\/en\/wp-json\/wp\/v2\/media?parent=1467"}],"curies":[{"name":"wp","href":"https:\/\/api.w.org\/{rel}","templated":true}]}}