{"id":1451,"date":"2021-12-07T11:56:25","date_gmt":"2021-12-07T10:56:25","guid":{"rendered":"https:\/\/residence-petitbois.fr\/?page_id=1451"},"modified":"2024-10-02T10:14:36","modified_gmt":"2024-10-02T08:14:36","slug":"politique-des-cookies","status":"publish","type":"page","link":"https:\/\/residence-petitbois.fr\/en\/politique-des-cookies\/","title":{"rendered":"Cookie Policy"},"content":{"rendered":"<div data-elementor-type=\"wp-page\" data-elementor-id=\"1451\" class=\"elementor elementor-1451\">\n\t\t\t\t\t\t<div class=\"elementor-inner\">\n\t\t\t\t<div class=\"elementor-section-wrap\">\n\t\t\t\t\t\t\t\t\t<section class=\"elementor-section elementor-top-section elementor-element elementor-element-6da5821 elementor-section-boxed elementor-section-height-default elementor-section-height-default exad-glass-effect-no exad-sticky-section-no\" data-id=\"6da5821\" data-element_type=\"section\" data-settings=\"{&quot;background_background&quot;:&quot;classic&quot;}\">\n\t\t\t\t\t\t\t<div class=\"elementor-background-overlay\"><\/div>\n\t\t\t\t\t\t\t<div class=\"elementor-container elementor-column-gap-default\">\n\t\t\t\t\t\t\t<div class=\"elementor-row\">\n\t\t\t\t\t<div class=\"elementor-column elementor-col-100 elementor-top-column elementor-element elementor-element-643159c exad-glass-effect-no exad-sticky-section-no\" data-id=\"643159c\" data-element_type=\"column\">\n\t\t\t<div class=\"elementor-column-wrap elementor-element-populated\">\n\t\t\t\t\t\t\t<div class=\"elementor-widget-wrap\">\n\t\t\t\t\t\t<div class=\"elementor-element elementor-element-684cfcc exad-sticky-section-no exad-glass-effect-no elementor-widget elementor-widget-heading\" data-id=\"684cfcc\" data-element_type=\"widget\" data-widget_type=\"heading.default\">\n\t\t\t\t<div class=\"elementor-widget-container\">\n\t\t\t<h2 class=\"elementor-heading-title elementor-size-default\">Cookie Policy<\/h2>\t\t<\/div>\n\t\t\t\t<\/div>\n\t\t\t\t<div class=\"elementor-element elementor-element-a37d735 elementor-widget-divider--view-line_text elementor-widget-divider--element-align-center exad-sticky-section-no exad-glass-effect-no elementor-widget elementor-widget-divider\" data-id=\"a37d735\" data-element_type=\"widget\" data-widget_type=\"divider.default\">\n\t\t\t\t<div class=\"elementor-widget-container\">\n\t\t\t\t\t<div class=\"elementor-divider\">\n\t\t\t<span class=\"elementor-divider-separator\">\n\t\t\t\t\t\t\t<span class=\"elementor-divider__text elementor-divider__element\">\n\t\t\t\t\u2605 \u2605 \u2605\t\t\t\t<\/span>\n\t\t\t\t\t\t<\/span>\n\t\t<\/div>\n\t\t\t\t<\/div>\n\t\t\t\t<\/div>\n\t\t\t\t<div class=\"elementor-element elementor-element-87973c9 exad-sticky-section-no exad-glass-effect-no elementor-widget elementor-widget-spacer\" data-id=\"87973c9\" data-element_type=\"widget\" data-widget_type=\"spacer.default\">\n\t\t\t\t<div class=\"elementor-widget-container\">\n\t\t\t\t\t<div class=\"elementor-spacer\">\n\t\t\t<div class=\"elementor-spacer-inner\"><\/div>\n\t\t<\/div>\n\t\t\t\t<\/div>\n\t\t\t\t<\/div>\n\t\t\t\t<div class=\"elementor-element elementor-element-3551182 exad-sticky-section-no exad-glass-effect-no elementor-widget elementor-widget-text-editor\" data-id=\"3551182\" data-element_type=\"widget\" data-widget_type=\"text-editor.default\">\n\t\t\t\t<div class=\"elementor-widget-container\">\n\t\t\t\t\t\t\t\t<div class=\"elementor-text-editor elementor-clearfix\">\n\t\t\t\t<h2 style=\"text-align: left;\">Preface<\/h2><p style=\"text-align: left;\">Cookies are the equivalent of a small text file, stored on your device (PC, smartphone, tablet). They allow website developers to store user data in order to facilitate navigation and enable certain functionalities.<\/p><p style=\"text-align: left;\">A cookie can be used for authentication, to keep a session open for a specific period of time, and to store specific information about the user, such as site preferences or shopping cart contents. Since cookies are usually stored as simple text files, they are not executable. They are not spyware or viruses.<\/p><p style=\"text-align: left;\">Most modern browsers allow users to decide whether to accept or reject cookies. Users can also choose how long cookies are stored. However, rejecting cookies altogether may render all or part of a site unusable.<\/p><h2 style=\"text-align: left;\">Website cookies<\/h2>\t\t\t\t\t<\/div>\n\t\t\t\t\t\t<\/div>\n\t\t\t\t<\/div>\n\t\t\t\t<div class=\"elementor-element elementor-element-32326a4 exad-sticky-section-no exad-glass-effect-no elementor-widget elementor-widget-Table\" data-id=\"32326a4\" data-element_type=\"widget\" data-widget_type=\"Table.default\">\n\t\t\t\t<div class=\"elementor-widget-container\">\n\t\t\t\t\t<table class=\"tafe-table\">\n\t\t\t<thead  class=\"tafe-table-header\">\n\t\t\t\t<tr>\n\t\t\t\t\t<th class=\"elementor-inline-editing elementor-repeater-item-90652d1\"   >Cookie's name<\/th><th class=\"elementor-inline-editing elementor-repeater-item-17c1816\"   >Finality<\/th><th class=\"elementor-inline-editing elementor-repeater-item-2c85109\"   >Description<\/th><th class=\"elementor-inline-editing elementor-repeater-item-baa5268\"   >Duration<\/th>\t\t\t\t<\/tr>\n\t\t\t<\/thead>\n\t\t\t<tbody class=\"tafe-table-body\">\n\t\t\t\t<tr>\n\t\t\t\t\t<td   class=\"elementor-repeater-item-12acd72\" >pll_language<\/td><td   class=\"elementor-repeater-item-b0ee1d6\" >Technical cookie<\/td><td   class=\"elementor-repeater-item-10d016e\" >Remembers your choice of language<\/td><td   class=\"elementor-repeater-item-def8669\" >1 year<\/td><\/tr><tr><td   class=\"elementor-repeater-item-2e65cbf\" >CookieLawInfoConsent<\/td><td   class=\"elementor-repeater-item-270701f\" >Technical cookie<\/td><td   class=\"elementor-repeater-item-5a969c0\" >Memorizes your consent or opposition to the deposit of cookies<\/td><td   class=\"elementor-repeater-item-7e7e4ee\" >1 year<\/td><\/tr><tr><td   class=\"elementor-repeater-item-371dce2\" >viewed_cookie_policy<\/td><td   class=\"elementor-repeater-item-a40ba38\" >Technical cookie<\/td><td   class=\"elementor-repeater-item-d060607\" >Memorizes your consent or opposition to the deposit of cookies<\/td><td   class=\"elementor-repeater-item-280f2f9\" >1 year<\/td>\t\t\t\t<\/tr>\n\t\t\t<\/tbody>\n\t\t<\/table>\n\t\t\n\t\t\t\t<\/div>\n\t\t\t\t<\/div>\n\t\t\t\t<div class=\"elementor-element elementor-element-a8b60b3 exad-sticky-section-no exad-glass-effect-no elementor-widget elementor-widget-text-editor\" data-id=\"a8b60b3\" data-element_type=\"widget\" data-widget_type=\"text-editor.default\">\n\t\t\t\t<div class=\"elementor-widget-container\">\n\t\t\t\t\t\t\t\t<div class=\"elementor-text-editor elementor-clearfix\">\n\t\t\t\t<h2 style=\"text-align: left;\"><br><\/h2><h2 style=\"text-align: left;\">Managing your cookies<\/h2>\t\t\t\t\t<\/div>\n\t\t\t\t\t\t<\/div>\n\t\t\t\t<\/div>\n\t\t\t\t<div class=\"elementor-element elementor-element-272840e exad-sticky-section-no exad-glass-effect-no elementor-widget elementor-widget-accordion\" data-id=\"272840e\" data-element_type=\"widget\" data-widget_type=\"accordion.default\">\n\t\t\t\t<div class=\"elementor-widget-container\">\n\t\t\t\t\t<div class=\"elementor-accordion\" role=\"tablist\">\n\t\t\t\t\t\t\t<div class=\"elementor-accordion-item\">\n\t\t\t\t\t<div id=\"elementor-tab-title-4101\" class=\"elementor-tab-title\" data-tab=\"1\" role=\"tab\" aria-controls=\"elementor-tab-content-4101\" aria-expanded=\"false\">\n\t\t\t\t\t\t\t\t\t\t\t\t\t<span class=\"elementor-accordion-icon elementor-accordion-icon-left\" aria-hidden=\"true\">\n\t\t\t\t\t\t\t\t\t\t\t\t\t\t\t<span class=\"elementor-accordion-icon-closed\"><i class=\"fas fa-plus\"><\/i><\/span>\n\t\t\t\t\t\t\t\t<span class=\"elementor-accordion-icon-opened\"><i class=\"fas fa-minus\"><\/i><\/span>\n\t\t\t\t\t\t\t\t\t\t\t\t\t\t<\/span>\n\t\t\t\t\t\t\t\t\t\t\t\t<a class=\"elementor-accordion-title\" href=\"\">Google Chrome<\/a>\n\t\t\t\t\t<\/div>\n\t\t\t\t\t<div id=\"elementor-tab-content-4101\" class=\"elementor-tab-content elementor-clearfix\" data-tab=\"1\" role=\"tabpanel\" aria-labelledby=\"elementor-tab-title-4101\"><ul><li>Click on the Chrome menu in your browser's toolbar.<\/li><li>Select Settings.<\/li><li>Click on Show advanced settings...<\/li><li>In the Privacy section, click on Content Settings.<\/li><li>In the Cookies section, select one of the following cookie settings:<\/li><li>Delete cookies<\/li><li>Block cookies by default<\/li><li>Allow cookies by default<\/li><li>Keep local data until I leave my browser session only<\/li><li>Exceptions related to cookies and site data<\/li><\/ul><\/div>\n\t\t\t\t<\/div>\n\t\t\t\t\t\t\t<div class=\"elementor-accordion-item\">\n\t\t\t\t\t<div id=\"elementor-tab-title-4102\" class=\"elementor-tab-title\" data-tab=\"2\" role=\"tab\" aria-controls=\"elementor-tab-content-4102\" aria-expanded=\"false\">\n\t\t\t\t\t\t\t\t\t\t\t\t\t<span class=\"elementor-accordion-icon elementor-accordion-icon-left\" aria-hidden=\"true\">\n\t\t\t\t\t\t\t\t\t\t\t\t\t\t\t<span class=\"elementor-accordion-icon-closed\"><i class=\"fas fa-plus\"><\/i><\/span>\n\t\t\t\t\t\t\t\t<span class=\"elementor-accordion-icon-opened\"><i class=\"fas fa-minus\"><\/i><\/span>\n\t\t\t\t\t\t\t\t\t\t\t\t\t\t<\/span>\n\t\t\t\t\t\t\t\t\t\t\t\t<a class=\"elementor-accordion-title\" href=\"\">Mozilla Firefox<\/a>\n\t\t\t\t\t<\/div>\n\t\t\t\t\t<div id=\"elementor-tab-content-4102\" class=\"elementor-tab-content elementor-clearfix\" data-tab=\"2\" role=\"tabpanel\" aria-labelledby=\"elementor-tab-title-4102\"><ul><li>Open Firefox<\/li><li>Open the menu<\/li><li>Edit and choose Preferences<\/li><li>Under Privacy &amp; Security, select Cookies.<\/li><li>You can select the following parameters:<\/li><li>Disable cookies<\/li><li>Accept only cookies from the originating website<\/li><li>Accept all cookies<\/li><li>Warn me before storing a cookie<\/li><\/ul><\/div>\n\t\t\t\t<\/div>\n\t\t\t\t\t\t\t<div class=\"elementor-accordion-item\">\n\t\t\t\t\t<div id=\"elementor-tab-title-4103\" class=\"elementor-tab-title\" data-tab=\"3\" role=\"tab\" aria-controls=\"elementor-tab-content-4103\" aria-expanded=\"false\">\n\t\t\t\t\t\t\t\t\t\t\t\t\t<span class=\"elementor-accordion-icon elementor-accordion-icon-left\" aria-hidden=\"true\">\n\t\t\t\t\t\t\t\t\t\t\t\t\t\t\t<span class=\"elementor-accordion-icon-closed\"><i class=\"fas fa-plus\"><\/i><\/span>\n\t\t\t\t\t\t\t\t<span class=\"elementor-accordion-icon-opened\"><i class=\"fas fa-minus\"><\/i><\/span>\n\t\t\t\t\t\t\t\t\t\t\t\t\t\t<\/span>\n\t\t\t\t\t\t\t\t\t\t\t\t<a class=\"elementor-accordion-title\" href=\"\">Safari 5.1 (OS X Lion)<\/a>\n\t\t\t\t\t<\/div>\n\t\t\t\t\t<div id=\"elementor-tab-content-4103\" class=\"elementor-tab-content elementor-clearfix\" data-tab=\"3\" role=\"tabpanel\" aria-labelledby=\"elementor-tab-title-4103\"><ul><li>Choose Safari, then select Preferences.<\/li><li>Click on Privacy.<\/li><li>In the Block Cookies section, specify the conditions for accepting cookies from websites.<\/li><li>Click on the help button (question mark) for an explanation of the options.<\/li><li>Note: If you want to see a list of websites that store cookies on your computer, click Details.<\/li><li>If you set Safari to block cookies, you may have to temporarily accept cookies to open a page.<\/li><li>Repeat the above steps, then select Never.<\/li><li>When you no longer wish to use this page, block the cookies again and then remove the cookies from the page.<\/li><\/ul><\/div>\n\t\t\t\t<\/div>\n\t\t\t\t\t\t\t\t<\/div>\n\t\t\t\t<\/div>\n\t\t\t\t<\/div>\n\t\t\t\t<div class=\"elementor-element elementor-element-c20ab28 exad-sticky-section-no exad-glass-effect-no elementor-widget elementor-widget-template\" data-id=\"c20ab28\" data-element_type=\"widget\" data-widget_type=\"template.default\">\n\t\t\t\t<div class=\"elementor-widget-container\">\n\t\t\t\t\t<div class=\"elementor-template\">\n\t\t\t\t\t<\/div>\n\t\t\t\t<\/div>\n\t\t\t\t<\/div>\n\t\t\t\t\t\t<\/div>\n\t\t\t\t\t<\/div>\n\t\t<\/div>\n\t\t\t\t\t\t\t\t<\/div>\n\t\t\t\t\t<\/div>\n\t\t<\/section>\n\t\t\t\t\t\t\t\t\t<\/div>\n\t\t\t<\/div>\n\t\t\t\t\t<\/div>","protected":false},"excerpt":{"rendered":"<p>Politique des cookies \u2605 \u2605 \u2605 Pr\u00e9ambule Les cookies sont l&rsquo;\u00e9quivalent d&rsquo;un fichier texte de petite taille, stock\u00e9s sur votre terminal (PC, Smartphone, tablette). Ils permettent aux d\u00e9veloppeurs de sites web de conserver des donn\u00e9es utilisateur afin de faciliter la navigation et de permettre certaines fonctionnalit\u00e9s. Un cookie peut \u00eatre utilis\u00e9 pour une authentification, pour &hellip;<\/p>\n<p class=\"read-more\"> <a class=\"\" href=\"https:\/\/residence-petitbois.fr\/en\/politique-des-cookies\/\"> <span class=\"screen-reader-text\">Cookie Policy<\/span> Read More &raquo;<\/a><\/p>","protected":false},"author":1,"featured_media":0,"parent":0,"menu_order":0,"comment_status":"closed","ping_status":"closed","template":"elementor_header_footer","meta":{"site-sidebar-layout":"default","site-content-layout":"default","ast-main-header-display":"","ast-hfb-above-header-display":"","ast-hfb-below-header-display":"","ast-hfb-mobile-header-display":"","site-post-title":"","ast-breadcrumbs-content":"","ast-featured-img":"","footer-sml-layout":"","theme-transparent-header-meta":"","adv-header-id-meta":"","stick-header-meta":"","header-above-stick-meta":"","header-main-stick-meta":"","header-below-stick-meta":""},"_links":{"self":[{"href":"https:\/\/residence-petitbois.fr\/en\/wp-json\/wp\/v2\/pages\/1451"}],"collection":[{"href":"https:\/\/residence-petitbois.fr\/en\/wp-json\/wp\/v2\/pages"}],"about":[{"href":"https:\/\/residence-petitbois.fr\/en\/wp-json\/wp\/v2\/types\/page"}],"author":[{"embeddable":true,"href":"https:\/\/residence-petitbois.fr\/en\/wp-json\/wp\/v2\/users\/1"}],"replies":[{"embeddable":true,"href":"https:\/\/residence-petitbois.fr\/en\/wp-json\/wp\/v2\/comments?post=1451"}],"version-history":[{"count":39,"href":"https:\/\/residence-petitbois.fr\/en\/wp-json\/wp\/v2\/pages\/1451\/revisions"}],"predecessor-version":[{"id":2576,"href":"https:\/\/residence-petitbois.fr\/en\/wp-json\/wp\/v2\/pages\/1451\/revisions\/2576"}],"wp:attachment":[{"href":"https:\/\/residence-petitbois.fr\/en\/wp-json\/wp\/v2\/media?parent=1451"}],"curies":[{"name":"wp","href":"https:\/\/api.w.org\/{rel}","templated":true}]}}