{"id":1259,"date":"2021-12-06T17:19:22","date_gmt":"2021-12-06T16:19:22","guid":{"rendered":"https:\/\/residence-petitbois.fr\/?page_id=1259"},"modified":"2026-03-30T14:47:51","modified_gmt":"2026-03-30T12:47:51","slug":"mentions-legales","status":"publish","type":"page","link":"https:\/\/residence-petitbois.fr\/en\/mentions-legales\/","title":{"rendered":"Terms"},"content":{"rendered":"<div data-elementor-type=\"wp-page\" data-elementor-id=\"1259\" class=\"elementor elementor-1259\">\n\t\t\t\t\t\t<div class=\"elementor-inner\">\n\t\t\t\t<div class=\"elementor-section-wrap\">\n\t\t\t\t\t\t\t\t\t<section class=\"elementor-section elementor-top-section elementor-element elementor-element-32fdeed elementor-section-boxed elementor-section-height-default elementor-section-height-default exad-glass-effect-no exad-sticky-section-no\" data-id=\"32fdeed\" data-element_type=\"section\" data-settings=\"{&quot;background_background&quot;:&quot;classic&quot;}\">\n\t\t\t\t\t\t\t<div class=\"elementor-background-overlay\"><\/div>\n\t\t\t\t\t\t\t<div class=\"elementor-container elementor-column-gap-default\">\n\t\t\t\t\t\t\t<div class=\"elementor-row\">\n\t\t\t\t\t<div class=\"elementor-column elementor-col-100 elementor-top-column elementor-element elementor-element-b4d5d6e exad-glass-effect-no exad-sticky-section-no\" data-id=\"b4d5d6e\" data-element_type=\"column\">\n\t\t\t<div class=\"elementor-column-wrap elementor-element-populated\">\n\t\t\t\t\t\t\t<div class=\"elementor-widget-wrap\">\n\t\t\t\t\t\t<div class=\"elementor-element elementor-element-4d210b9 exad-sticky-section-no exad-glass-effect-no elementor-widget elementor-widget-heading\" data-id=\"4d210b9\" data-element_type=\"widget\" data-widget_type=\"heading.default\">\n\t\t\t\t<div class=\"elementor-widget-container\">\n\t\t\t<h2 class=\"elementor-heading-title elementor-size-default\">Terms<\/h2>\t\t<\/div>\n\t\t\t\t<\/div>\n\t\t\t\t<div class=\"elementor-element elementor-element-ffd9b80 elementor-widget-divider--view-line_text elementor-widget-divider--element-align-center exad-sticky-section-no exad-glass-effect-no elementor-widget elementor-widget-divider\" data-id=\"ffd9b80\" data-element_type=\"widget\" data-widget_type=\"divider.default\">\n\t\t\t\t<div class=\"elementor-widget-container\">\n\t\t\t\t\t<div class=\"elementor-divider\">\n\t\t\t<span class=\"elementor-divider-separator\">\n\t\t\t\t\t\t\t<span class=\"elementor-divider__text elementor-divider__element\">\n\t\t\t\t\u2605 \u2605 \u2605\t\t\t\t<\/span>\n\t\t\t\t\t\t<\/span>\n\t\t<\/div>\n\t\t\t\t<\/div>\n\t\t\t\t<\/div>\n\t\t\t\t<div class=\"elementor-element elementor-element-e41b42a exad-sticky-section-no exad-glass-effect-no elementor-widget elementor-widget-spacer\" data-id=\"e41b42a\" data-element_type=\"widget\" data-widget_type=\"spacer.default\">\n\t\t\t\t<div class=\"elementor-widget-container\">\n\t\t\t\t\t<div class=\"elementor-spacer\">\n\t\t\t<div class=\"elementor-spacer-inner\"><\/div>\n\t\t<\/div>\n\t\t\t\t<\/div>\n\t\t\t\t<\/div>\n\t\t\t\t<div class=\"elementor-element elementor-element-458830b exad-sticky-section-no exad-glass-effect-no elementor-widget elementor-widget-text-editor\" data-id=\"458830b\" data-element_type=\"widget\" data-widget_type=\"text-editor.default\">\n\t\t\t\t<div class=\"elementor-widget-container\">\n\t\t\t\t\t\t\t\t<div class=\"elementor-text-editor elementor-clearfix\">\n\t\t\t\t<p style=\"text-align: left;\"><strong>Site editor<\/strong><\/p><p style=\"text-align: left;\" align=\"justify\">Ce site est \u00e9dit\u00e9 par La R\u00e9sidence Le Petit Bois<br \/>25 rue du Mont Cenis 75018 Paris<\/p><p style=\"text-align: left;\" align=\"justify\"><span style=\"font-style: inherit; font-weight: inherit; color: var( --e-global-color-text ); font-family: var( --e-global-typography-text-font-family ), Sans-serif;\">Directeur de la publication : Suchaud Aur\u00e9lien<\/span><\/p><p style=\"text-align: left;\"><strong>Hosting<\/strong><\/p><p style=\"text-align: left;\">The site of the R\u00e9sidence Le Petit Bois is hosted by the company OVH<br \/>RCS Roubaix \u2013 Tourcoing 424 761 419 00045.<br \/>Code APE 6202A<br \/>N\u00b0 TVA : FR 22 424 761 419<br \/>Headquarters: 2 rue Kellermann - 59100 Roubaix - France.<\/p><p style=\"text-align: left;\"><strong>Photo credits<\/strong> : Alice Chevillard, Francis Barroso, @manuel3s<\/p><p style=\"text-align: left;\"><strong>Illustrations<\/strong> : Alexandre Moreau &#8211; PittoResco Illustrations<\/p><p style=\"text-align: left;\"><strong>Protection of personal data<\/strong><\/p><p style=\"text-align: left;\" align=\"justify\">In accordance with the law in force at the time, the site www.residence-petitbois.fr was declared to the National Commission for Informatics and Liberties (CNIL) on December 27, 2012. The processing of personal data work by the Residence from its website have been the subject of the prior formalities required with the CNIL and, since April 2009, its data protection officer (CIL).<\/p><p style=\"text-align: left;\" align=\"justify\">No personal data is collected or disseminated without your knowledge on the Residence Le Petit Bois website. In accordance with articles 38 and following of the law n \u00b0 78-17 of January 6, 1978 relating to data processing, files and freedoms, any person can oppose the publication of information concerning him, to obtain communication and, if necessary, rectification or deletion of this information by contacting <span style=\"color: #000000;\"><a style=\"color: #000000;\" href=\"javascript:DeCryptX('0c3r3q2v0a3f2v3C2t2g2u1j1e0e1o2e2g0-2r0e0t2k0t0b0o3l1t203f2q3p')\">contact@residence-petitbois.com<\/a><\/span>.<a><img title=\"\" src=\"https:\/\/residence-petitbois.fr\/site\/wp-content\/plugins\/cryptx\/images\/mail_small.gif\" alt=\"\" \/><\/a><\/p><p style=\"text-align: left;\" align=\"justify\">The email addresses collected as part of the contact form are only used for sending information for which the person has expressly expressed himself.<\/p><p style=\"text-align: left;\" align=\"justify\">In accordance with the provisions of the aforementioned \"Data Protection Act\", any person wishing to collect and reuse the information disseminated on this site must comply with the obligations incumbent on him in his capacity as data controller, in particular those relating to the completion of formalities prior to the CNIL and respect for the rights of the persons concerned.<\/p>\t\t\t\t\t<\/div>\n\t\t\t\t\t\t<\/div>\n\t\t\t\t<\/div>\n\t\t\t\t\t\t<\/div>\n\t\t\t\t\t<\/div>\n\t\t<\/div>\n\t\t\t\t\t\t\t\t<\/div>\n\t\t\t\t\t<\/div>\n\t\t<\/section>\n\t\t\t\t\t\t\t\t\t<\/div>\n\t\t\t<\/div>\n\t\t\t\t\t<\/div>","protected":false},"excerpt":{"rendered":"<p>Mentions L\u00e9gales \u2605 \u2605 \u2605 \u00c9diteur du site Ce site est \u00e9dit\u00e9 par La R\u00e9sidence Le Petit Bois25 rue du Mont Cenis 75018 Paris Directeur de la publication : Suchaud Aur\u00e9lien H\u00e9bergement L\u2019h\u00e9bergement du site de la R\u00e9sidence Le Petit Bois est assur\u00e9 par la soci\u00e9t\u00e9 OVHRCS Roubaix \u2013 Tourcoing 424 761 419 00045.Code APE &hellip;<\/p>\n<p class=\"read-more\"> <a class=\"\" href=\"https:\/\/residence-petitbois.fr\/en\/mentions-legales\/\"> <span class=\"screen-reader-text\">Terms<\/span> Read More &raquo;<\/a><\/p>","protected":false},"author":1,"featured_media":0,"parent":0,"menu_order":0,"comment_status":"closed","ping_status":"closed","template":"elementor_header_footer","meta":{"site-sidebar-layout":"default","site-content-layout":"default","ast-main-header-display":"","ast-hfb-above-header-display":"","ast-hfb-below-header-display":"","ast-hfb-mobile-header-display":"","site-post-title":"","ast-breadcrumbs-content":"","ast-featured-img":"","footer-sml-layout":"","theme-transparent-header-meta":"","adv-header-id-meta":"","stick-header-meta":"","header-above-stick-meta":"","header-main-stick-meta":"","header-below-stick-meta":""},"_links":{"self":[{"href":"https:\/\/residence-petitbois.fr\/en\/wp-json\/wp\/v2\/pages\/1259"}],"collection":[{"href":"https:\/\/residence-petitbois.fr\/en\/wp-json\/wp\/v2\/pages"}],"about":[{"href":"https:\/\/residence-petitbois.fr\/en\/wp-json\/wp\/v2\/types\/page"}],"author":[{"embeddable":true,"href":"https:\/\/residence-petitbois.fr\/en\/wp-json\/wp\/v2\/users\/1"}],"replies":[{"embeddable":true,"href":"https:\/\/residence-petitbois.fr\/en\/wp-json\/wp\/v2\/comments?post=1259"}],"version-history":[{"count":72,"href":"https:\/\/residence-petitbois.fr\/en\/wp-json\/wp\/v2\/pages\/1259\/revisions"}],"predecessor-version":[{"id":2709,"href":"https:\/\/residence-petitbois.fr\/en\/wp-json\/wp\/v2\/pages\/1259\/revisions\/2709"}],"wp:attachment":[{"href":"https:\/\/residence-petitbois.fr\/en\/wp-json\/wp\/v2\/media?parent=1259"}],"curies":[{"name":"wp","href":"https:\/\/api.w.org\/{rel}","templated":true}]}}